{"id":820,"date":"2024-03-11T15:54:27","date_gmt":"2024-03-11T18:54:27","guid":{"rendered":"https:\/\/fiscalizacao.cremesp.org.br\/?page_id=820"},"modified":"2025-05-20T15:12:47","modified_gmt":"2025-05-20T18:12:47","slug":"busca-ativa","status":"publish","type":"page","link":"https:\/\/fiscalizacao.cremesp.org.br\/index.php\/busca-ativa\/","title":{"rendered":"Busca Ativa"},"content":{"rendered":"\n<p><\/p>\n\n\n\n<div class=\"wp-block-uagb-container animate__fadeIn uag-hide-tab uag-hide-mob uagb-block-2bee93f6 default uagb-is-root-container\">\n<div class=\"wp-block-uagb-advanced-heading uagb-block-def6e939\"><h1 class=\"uagb-heading-text\"> Departamento de <br>Fiscaliza\u00e7\u00e3o do Cremesp (DEF)<\/h1><\/div>\n<\/div>\n\n\n\n<figure class=\"wp-block-image alignwide size-large uag-hide-desktop\"><img loading=\"lazy\" decoding=\"async\" width=\"1024\" height=\"387\" src=\"https:\/\/fiscalizacao.cremesp.org.br\/wp-content\/uploads\/2023\/03\/Teste-1024x387.jpg\" alt=\"\" class=\"wp-image-533\" srcset=\"https:\/\/fiscalizacao.cremesp.org.br\/wp-content\/uploads\/2023\/03\/Teste-1024x387.jpg 1024w, https:\/\/fiscalizacao.cremesp.org.br\/wp-content\/uploads\/2023\/03\/Teste-300x113.jpg 300w, https:\/\/fiscalizacao.cremesp.org.br\/wp-content\/uploads\/2023\/03\/Teste-768x290.jpg 768w, https:\/\/fiscalizacao.cremesp.org.br\/wp-content\/uploads\/2023\/03\/Teste.jpg 1280w\" sizes=\"auto, (max-width: 1024px) 100vw, 1024px\" \/><\/figure>\n\n\n\n<div class=\"inherit-container-width wp-block-group is-layout-constrained wp-block-group-is-layout-constrained\">\n<div class=\"wp-block-uagb-advanced-heading uagb-block-7d529d7a\"><h2 class=\"uagb-heading-text\">Indica\u00e7\u00e3o de Busca Ativa<\/h2><div class=\"uagb-separator\"><\/div><\/div>\n\n\n\n<p>O formul\u00e1rio abaixo foi criado em atendimento ao <a style=\"color: #358572\" href=\"https:\/\/sistemas.cfm.org.br\/normas\/visualizar\/resolucoes\/BR\/2023\/2336\" target=\"_blank\" rel=\"noreferrer noopener\">Artigo 16, da Resolu\u00e7\u00e3o CFM 2336\/23, item VII<\/a> para receber conte\u00fado publicit\u00e1rio de medicina, mesmo que de origem an\u00f4nima, a ser apurado, podendo ser por canal pr\u00f3prio para esse fim.<\/p>\n\n\n\n<p>Ao preencher os campos indicados, as informa\u00e7\u00f5es ser\u00e3o analisadas pela Codame do Cremesp, que definir\u00e1 as a\u00e7\u00f5es cab\u00edveis.<\/p>\n\n\n\n<p>As indica\u00e7\u00f5es de busca ativa sobre Publicidade M\u00e9dica ao Cremesp ser\u00e3o recebidas \u00fanica e exclusivamente por meio do formul\u00e1rio a seguir e n\u00e3o ser\u00e1 permitido o acompanhamento por solicitantes de buscas indicadas nesse canal, pois as investiga\u00e7\u00f5es devem ocorrer sob sigilo, conforme Artigo 1\u00ba, do C\u00f3digo de Processo \u00c9tico-Profissional (CPEP). Ser\u00e3o considerados apenas os formul\u00e1rios devidamente preenchidos e contendo notifica\u00e7\u00f5es que envolvem Publicidade M\u00e9dica.<\/p>\n\n\n\n<p>As den\u00fancias formais, onde o denunciante \u00e9 parte da a\u00e7\u00e3o, continuam v\u00e1lidas e podem ser feitas de acordo com Artigo 14, do CPEP. Para saber mais <a style=\"color: #358572\" href=\"https:\/\/fiscalizacao.cremesp.org.br\/index.php\/orientacao-denuncia-codame\/\" target=\"_blank\" rel=\"noreferrer noopener\">clique aqui<\/a>.<\/p>\n<\/div>\n\n\n\n<div class=\"inherit-container-width wp-block-group is-layout-constrained wp-block-group-is-layout-constrained\">\n<div class=\"wp-block-uagb-advanced-heading uagb-block-f7872f7c\"><h2 class=\"uagb-heading-text\">Formul\u00e1rio \u2013 Indica\u00e7\u00e3o de Busca Ativa<\/h2><div class=\"uagb-separator\"><\/div><\/div>\n\n\n\n<div class=\"wp-block-uagb-tabs uagb-block-2911cfe0 uagb-tabs__wrap uagb-tabs__hstyle1-desktop uagb-tabs__vstyle6-tablet uagb-tabs__stack1-mobile\" data-tab-active=\"0\"><ul class=\"uagb-tabs__panel uagb-tabs__align-left\" role=\"tablist\"><li class=\"uagb-tab uagb-tabs__active\" role=\"none\"><a href=\"#uagb-tabs__tab0\" class=\"uagb-tabs-list uagb-tabs__icon-position-left\" data-tab=\"0\" role=\"tab\">Estabelecimento Comercial<\/a><\/li><li class=\"uagb-tab \" role=\"none\"><a href=\"#uagb-tabs__tab1\" class=\"uagb-tabs-list uagb-tabs__icon-position-left\" data-tab=\"1\" role=\"tab\">M\u00e9dico\/N\u00e3o M\u00e9dico<\/a><\/li><\/ul><div class=\"uagb-tabs__body-wrap\">\n<div class=\"wp-block-uagb-tabs-child uagb-tabs__body-container uagb-inner-tab-0\" aria-labelledby=\"uagb-tabs__tab0\">\n<div class=\"wp-block-contact-form-7-contact-form-selector\">\n<div class=\"wpcf7 no-js\" id=\"wpcf7-f831-o1\" lang=\"pt-BR\" dir=\"ltr\" data-wpcf7-id=\"831\">\n<div class=\"screen-reader-response\"><p role=\"status\" aria-live=\"polite\" aria-atomic=\"true\"><\/p> <ul><\/ul><\/div>\n<form action=\"\/index.php\/wp-json\/wp\/v2\/pages\/820#wpcf7-f831-o1\" method=\"post\" class=\"wpcf7-form init\" aria-label=\"Formul\u00e1rios de contato\" enctype=\"multipart\/form-data\" novalidate=\"novalidate\" data-status=\"init\">\n<div style=\"display: none;\">\n<input type=\"hidden\" name=\"_wpcf7\" value=\"831\" \/>\n<input type=\"hidden\" name=\"_wpcf7_version\" value=\"6.0.6\" \/>\n<input type=\"hidden\" name=\"_wpcf7_locale\" value=\"pt_BR\" \/>\n<input type=\"hidden\" name=\"_wpcf7_unit_tag\" value=\"wpcf7-f831-o1\" \/>\n<input type=\"hidden\" name=\"_wpcf7_container_post\" value=\"0\" \/>\n<input type=\"hidden\" name=\"_wpcf7_posted_data_hash\" value=\"\" \/>\n<\/div>\n<style>\n\n .noBorder{\n border-collapse: collapse;\n border: none;\n }\n .noBorder tr, .noBorder td {\n border: none;\n }\n<\/style>\n<p><label> Nome da Empresa<br \/>\n<span class=\"wpcf7-form-control-wrap\" data-name=\"nome\"><input size=\"40\" maxlength=\"400\" class=\"wpcf7-form-control wpcf7-text wpcf7-validates-as-required\" aria-required=\"true\" aria-invalid=\"false\" value=\"\" type=\"text\" name=\"nome\" \/><\/span> <\/label>\n<\/p>\n<p><label> CNPJ\/CRM<br \/>\n<span class=\"wpcf7-form-control-wrap\" data-name=\"crm-cnpj\"><input size=\"40\" maxlength=\"400\" class=\"wpcf7-form-control wpcf7-text wpcf7-validates-as-required\" aria-required=\"true\" aria-invalid=\"false\" value=\"\" type=\"text\" name=\"crm-cnpj\" \/><\/span> <\/label>\n<\/p>\n<p><label> Endere\u00e7o<br \/>\n<span class=\"wpcf7-form-control-wrap\" data-name=\"endereco\"><input size=\"40\" maxlength=\"400\" class=\"wpcf7-form-control wpcf7-text\" aria-invalid=\"false\" value=\"\" type=\"text\" name=\"endereco\" \/><\/span> <\/label>\n<\/p>\n<p><label> Rede Social<br \/>\n<span class=\"wpcf7-form-control-wrap\" data-name=\"rede-social\"><input size=\"40\" maxlength=\"400\" class=\"wpcf7-form-control wpcf7-text wpcf7-validates-as-required\" aria-required=\"true\" aria-invalid=\"false\" value=\"\" type=\"text\" name=\"rede-social\" \/><\/span> <\/label>\n<\/p>\n<p><label> Poss\u00edveis irregularidades<br \/>\n<span class=\"wpcf7-form-control-wrap\" data-name=\"infracao\"><input size=\"40\" maxlength=\"400\" class=\"wpcf7-form-control wpcf7-text wpcf7-validates-as-required\" aria-required=\"true\" aria-invalid=\"false\" value=\"\" type=\"text\" name=\"infracao\" \/><\/span> <\/label>\n<\/p>\n<table class=\"noBorder\">\n\t<tr>\n\t\t<td>\n\t\t\t<p><label> Evid\u00eancia 1: <span class=\"wpcf7-form-control-wrap\" data-name=\"rede-social-evidencia-1\"><input size=\"40\" class=\"wpcf7-form-control wpcf7-file wpcf7-validates-as-required\" accept=\".jpg,.png,.bmp,.webp\" aria-required=\"true\" aria-invalid=\"false\" type=\"file\" name=\"rede-social-evidencia-1\" \/><\/span><\/label>\n\t\t\t<\/p>\n\t\t<\/td>\n\t\t<td>\n\t\t\t<p><label> Evid\u00eancia 2: <span class=\"wpcf7-form-control-wrap\" data-name=\"rede-social-evidencia-2\"><input size=\"40\" class=\"wpcf7-form-control wpcf7-file\" accept=\".jpg,.png,.bmp,.webp\" aria-invalid=\"false\" type=\"file\" name=\"rede-social-evidencia-2\" \/><\/span><\/label>\n\t\t\t<\/p>\n\t\t<\/td>\n\t\t<td>\n\t\t\t<p><label> Evid\u00eancia 3: <span class=\"wpcf7-form-control-wrap\" data-name=\"rede-social-evidencia-3\"><input size=\"40\" class=\"wpcf7-form-control wpcf7-file\" accept=\".jpg,.png,.bmp,.webp\" aria-invalid=\"false\" type=\"file\" name=\"rede-social-evidencia-3\" \/><\/span><\/label>\n\t\t\t<\/p>\n\t\t<\/td>\n\t<\/tr>\n<\/table>\n<p><input class=\"wpcf7-form-control wpcf7-submit has-spinner\" type=\"submit\" value=\"Enviar\" \/>\n<\/p><div class=\"wpcf7-response-output\" aria-hidden=\"true\"><\/div>\n<\/form>\n<\/div>\n<\/div>\n<\/div>\n\n\n\n<div class=\"wp-block-uagb-tabs-child uagb-tabs__body-container uagb-inner-tab-1\" aria-labelledby=\"uagb-tabs__tab1\">\n<div class=\"wp-block-contact-form-7-contact-form-selector\">\n<div class=\"wpcf7 no-js\" id=\"wpcf7-f832-o2\" lang=\"pt-BR\" dir=\"ltr\" data-wpcf7-id=\"832\">\n<div class=\"screen-reader-response\"><p role=\"status\" aria-live=\"polite\" aria-atomic=\"true\"><\/p> <ul><\/ul><\/div>\n<form action=\"\/index.php\/wp-json\/wp\/v2\/pages\/820#wpcf7-f832-o2\" method=\"post\" class=\"wpcf7-form init\" aria-label=\"Formul\u00e1rios de contato\" enctype=\"multipart\/form-data\" novalidate=\"novalidate\" data-status=\"init\">\n<div style=\"display: none;\">\n<input type=\"hidden\" name=\"_wpcf7\" value=\"832\" \/>\n<input type=\"hidden\" name=\"_wpcf7_version\" value=\"6.0.6\" \/>\n<input type=\"hidden\" name=\"_wpcf7_locale\" value=\"pt_BR\" \/>\n<input type=\"hidden\" name=\"_wpcf7_unit_tag\" value=\"wpcf7-f832-o2\" \/>\n<input type=\"hidden\" name=\"_wpcf7_container_post\" value=\"0\" \/>\n<input type=\"hidden\" name=\"_wpcf7_posted_data_hash\" value=\"\" \/>\n<\/div>\n<style>\n\n .noBorder{\n border-collapse: collapse;\n border: none;\n }\n .noBorder tr, .noBorder td {\n border: none;\n }\n<\/style>\n<p><label> Nome<br \/>\n<span class=\"wpcf7-form-control-wrap\" data-name=\"nome\"><input size=\"40\" maxlength=\"400\" class=\"wpcf7-form-control wpcf7-text wpcf7-validates-as-required\" aria-required=\"true\" aria-invalid=\"false\" value=\"\" type=\"text\" name=\"nome\" \/><\/span> <\/label>\n<\/p>\n<p><label> CRM<br \/>\n<span class=\"wpcf7-form-control-wrap\" data-name=\"crm\"><input size=\"40\" maxlength=\"400\" class=\"wpcf7-form-control wpcf7-text\" aria-invalid=\"false\" value=\"\" type=\"text\" name=\"crm\" \/><\/span> <\/label>\n<\/p>\n<p><label> Endere\u00e7o<br \/>\n<span class=\"wpcf7-form-control-wrap\" data-name=\"endereco\"><input size=\"40\" maxlength=\"400\" class=\"wpcf7-form-control wpcf7-text\" aria-invalid=\"false\" value=\"\" type=\"text\" name=\"endereco\" \/><\/span> <\/label>\n<\/p>\n<p><label> Rede Social<br \/>\n<span class=\"wpcf7-form-control-wrap\" data-name=\"rede-social\"><input size=\"40\" maxlength=\"400\" class=\"wpcf7-form-control wpcf7-text wpcf7-validates-as-required\" aria-required=\"true\" aria-invalid=\"false\" value=\"\" type=\"text\" name=\"rede-social\" \/><\/span> <\/label>\n<\/p>\n<p><label> Poss\u00edveis irregularidades<br \/>\n<span class=\"wpcf7-form-control-wrap\" data-name=\"infracao\"><input size=\"40\" maxlength=\"400\" class=\"wpcf7-form-control wpcf7-text wpcf7-validates-as-required\" aria-required=\"true\" aria-invalid=\"false\" value=\"\" type=\"text\" name=\"infracao\" \/><\/span> <\/label>\n<\/p>\n<table class=\"noBorder\">\n\t<tr>\n\t\t<td>\n\t\t\t<p><label> Evid\u00eancia 1: <span class=\"wpcf7-form-control-wrap\" data-name=\"rede-social-evidencia-1\"><input size=\"40\" class=\"wpcf7-form-control wpcf7-file wpcf7-validates-as-required\" accept=\".jpg,.png,.bmp,.webp\" aria-required=\"true\" aria-invalid=\"false\" type=\"file\" name=\"rede-social-evidencia-1\" \/><\/span><\/label>\n\t\t\t<\/p>\n\t\t<\/td>\n\t\t<td>\n\t\t\t<p><label> Evid\u00eancia 2: <span class=\"wpcf7-form-control-wrap\" data-name=\"rede-social-evidencia-2\"><input size=\"40\" class=\"wpcf7-form-control wpcf7-file\" accept=\".jpg,.png,.bmp,.webp\" aria-invalid=\"false\" type=\"file\" name=\"rede-social-evidencia-2\" \/><\/span><\/label>\n\t\t\t<\/p>\n\t\t<\/td>\n\t\t<td>\n\t\t\t<p><label> Evid\u00eancia 3: <span class=\"wpcf7-form-control-wrap\" data-name=\"rede-social-evidencia-3\"><input size=\"40\" class=\"wpcf7-form-control wpcf7-file\" accept=\".jpg,.png,.bmp,.webp\" aria-invalid=\"false\" type=\"file\" name=\"rede-social-evidencia-3\" \/><\/span><\/label>\n\t\t\t<\/p>\n\t\t<\/td>\n\t<\/tr>\n<\/table>\n<p><input class=\"wpcf7-form-control wpcf7-submit has-spinner\" type=\"submit\" value=\"Enviar\" \/>\n<\/p><div class=\"wpcf7-response-output\" aria-hidden=\"true\"><\/div>\n<\/form>\n<\/div>\n<\/div>\n<\/div>\n<\/div><\/div>\n<\/div>\n","protected":false},"excerpt":{"rendered":"<p>Departamento de Fiscaliza\u00e7\u00e3o do Cremesp (DEF) Indica\u00e7\u00e3o de Busca Ativa O formul\u00e1rio abaixo foi criado em atendimento ao Artigo 16, da Resolu\u00e7\u00e3o CFM 2336\/23, item VII para receber conte\u00fado publicit\u00e1rio de medicina, mesmo que de origem an\u00f4nima, a ser apurado, podendo ser por canal pr\u00f3prio para esse fim. Ao preencher os campos indicados, as informa\u00e7\u00f5es [&hellip;]<\/p>\n","protected":false},"author":3,"featured_media":0,"parent":0,"menu_order":0,"comment_status":"closed","ping_status":"closed","template":"","meta":{"_uag_custom_page_level_css":"","site-sidebar-layout":"default","site-content-layout":"default","ast-site-content-layout":"default","site-content-style":"default","site-sidebar-style":"default","ast-global-header-display":"","ast-banner-title-visibility":"","ast-main-header-display":"","ast-hfb-above-header-display":"","ast-hfb-below-header-display":"","ast-hfb-mobile-header-display":"","site-post-title":"disabled","ast-breadcrumbs-content":"","ast-featured-img":"","footer-sml-layout":"","theme-transparent-header-meta":"default","adv-header-id-meta":"","stick-header-meta":"","header-above-stick-meta":"","header-main-stick-meta":"","header-below-stick-meta":"","astra-migrate-meta-layouts":"set","ast-page-background-enabled":"default","ast-page-background-meta":{"desktop":{"background-color":"var(--ast-global-color-4)","background-image":"","background-repeat":"repeat","background-position":"center center","background-size":"auto","background-attachment":"scroll","background-type":"","background-media":"","overlay-type":"","overlay-color":"","overlay-opacity":"","overlay-gradient":""},"tablet":{"background-color":"","background-image":"","background-repeat":"repeat","background-position":"center center","background-size":"auto","background-attachment":"scroll","background-type":"","background-media":"","overlay-type":"","overlay-color":"","overlay-opacity":"","overlay-gradient":""},"mobile":{"background-color":"","background-image":"","background-repeat":"repeat","background-position":"center center","background-size":"auto","background-attachment":"scroll","background-type":"","background-media":"","overlay-type":"","overlay-color":"","overlay-opacity":"","overlay-gradient":""}},"ast-content-background-meta":{"desktop":{"background-color":"var(--ast-global-color-5)","background-image":"","background-repeat":"repeat","background-position":"center center","background-size":"auto","background-attachment":"scroll","background-type":"","background-media":"","overlay-type":"","overlay-color":"","overlay-opacity":"","overlay-gradient":""},"tablet":{"background-color":"var(--ast-global-color-5)","background-image":"","background-repeat":"repeat","background-position":"center center","background-size":"auto","background-attachment":"scroll","background-type":"","background-media":"","overlay-type":"","overlay-color":"","overlay-opacity":"","overlay-gradient":""},"mobile":{"background-color":"var(--ast-global-color-5)","background-image":"","background-repeat":"repeat","background-position":"center center","background-size":"auto","background-attachment":"scroll","background-type":"","background-media":"","overlay-type":"","overlay-color":"","overlay-opacity":"","overlay-gradient":""}},"footnotes":""},"class_list":["post-820","page","type-page","status-publish","hentry"],"uagb_featured_image_src":{"full":false,"thumbnail":false,"medium":false,"medium_large":false,"large":false,"1536x1536":false,"2048x2048":false},"uagb_author_info":{"display_name":"Usuario Dev","author_link":"https:\/\/fiscalizacao.cremesp.org.br\/index.php\/author\/dev\/"},"uagb_comment_info":0,"uagb_excerpt":"Departamento de Fiscaliza\u00e7\u00e3o do Cremesp (DEF) Indica\u00e7\u00e3o de Busca Ativa O formul\u00e1rio abaixo foi criado em atendimento ao Artigo 16, da Resolu\u00e7\u00e3o CFM 2336\/23, item VII para receber conte\u00fado publicit\u00e1rio de medicina, mesmo que de origem an\u00f4nima, a ser apurado, podendo ser por canal pr\u00f3prio para esse fim. Ao preencher os campos indicados, as informa\u00e7\u00f5es&hellip;","_links":{"self":[{"href":"https:\/\/fiscalizacao.cremesp.org.br\/index.php\/wp-json\/wp\/v2\/pages\/820","targetHints":{"allow":["GET"]}}],"collection":[{"href":"https:\/\/fiscalizacao.cremesp.org.br\/index.php\/wp-json\/wp\/v2\/pages"}],"about":[{"href":"https:\/\/fiscalizacao.cremesp.org.br\/index.php\/wp-json\/wp\/v2\/types\/page"}],"author":[{"embeddable":true,"href":"https:\/\/fiscalizacao.cremesp.org.br\/index.php\/wp-json\/wp\/v2\/users\/3"}],"replies":[{"embeddable":true,"href":"https:\/\/fiscalizacao.cremesp.org.br\/index.php\/wp-json\/wp\/v2\/comments?post=820"}],"version-history":[{"count":24,"href":"https:\/\/fiscalizacao.cremesp.org.br\/index.php\/wp-json\/wp\/v2\/pages\/820\/revisions"}],"predecessor-version":[{"id":1242,"href":"https:\/\/fiscalizacao.cremesp.org.br\/index.php\/wp-json\/wp\/v2\/pages\/820\/revisions\/1242"}],"wp:attachment":[{"href":"https:\/\/fiscalizacao.cremesp.org.br\/index.php\/wp-json\/wp\/v2\/media?parent=820"}],"curies":[{"name":"wp","href":"https:\/\/api.w.org\/{rel}","templated":true}]}}