{"id":65,"date":"2023-03-20T16:27:48","date_gmt":"2023-03-20T19:27:48","guid":{"rendered":"http:\/\/fiscalizacao.cremesp.org.br\/?page_id=65"},"modified":"2024-05-16T10:02:22","modified_gmt":"2024-05-16T13:02:22","slug":"codame","status":"publish","type":"page","link":"https:\/\/fiscalizacao.cremesp.org.br\/index.php\/codame\/","title":{"rendered":"Codame"},"content":{"rendered":"\n<div class=\"wp-block-uagb-container animate__fadeIn uag-hide-tab uag-hide-mob uagb-block-bda1d26a default uagb-is-root-container\">\n<div class=\"wp-block-uagb-advanced-heading uagb-block-1f4dbbeb\"><h1 class=\"uagb-heading-text\"> Departamento de <br>Fiscaliza\u00e7\u00e3o do Cremesp (DEF)<\/h1><\/div>\n<\/div>\n\n\n\n<figure class=\"wp-block-image alignwide size-large uag-hide-desktop\"><img loading=\"lazy\" decoding=\"async\" width=\"1024\" height=\"387\" src=\"https:\/\/fiscalizacao.cremesp.org.br\/wp-content\/uploads\/2023\/03\/Teste-1024x387.jpg\" alt=\"\" class=\"wp-image-533\" srcset=\"https:\/\/fiscalizacao.cremesp.org.br\/wp-content\/uploads\/2023\/03\/Teste-1024x387.jpg 1024w, https:\/\/fiscalizacao.cremesp.org.br\/wp-content\/uploads\/2023\/03\/Teste-300x113.jpg 300w, https:\/\/fiscalizacao.cremesp.org.br\/wp-content\/uploads\/2023\/03\/Teste-768x290.jpg 768w, https:\/\/fiscalizacao.cremesp.org.br\/wp-content\/uploads\/2023\/03\/Teste.jpg 1280w\" sizes=\"auto, (max-width: 1024px) 100vw, 1024px\" \/><\/figure>\n\n\n\n<div class=\"inherit-container-width wp-block-group is-layout-constrained wp-block-group-is-layout-constrained\">\n<div class=\"wp-block-uagb-advanced-heading uagb-block-dd258e00\"><h2 class=\"uagb-heading-text\">Codame<\/h2><div class=\"uagb-separator\"><\/div><\/div>\n\n\n\n<p>A Comiss\u00e3o de Divulga\u00e7\u00e3o de Assuntos M\u00e9dicos (Codame) est\u00e1 vinculada ao Departamento de Fiscaliza\u00e7\u00e3o do Cremesp e \u00e9 respons\u00e1vel por avaliar conte\u00fados de Publicidade M\u00e9dica (individual ou coletiva), publicados nos diversos meios de comunica\u00e7\u00e3o.<\/p>\n\n\n\n<p>De acordo com a <a style=\"color: #358572\" href=\"https:\/\/sistemas.cfm.org.br\/normas\/visualizar\/resolucoes\/BR\/2023\/2336\" target=\"_blank\" rel=\"noreferrer noopener\">Resolu\u00e7\u00e3o CFM 2336\/23<\/a>, tamb\u00e9m \u00e9 atribui\u00e7\u00e3o da Codame promover conte\u00fado de apoio aos m\u00e9dicos referente \u00e0s regras e legisla\u00e7\u00e3o vigente sobre Publicidade M\u00e9dica.<\/p>\n\n\n\n<p>Para saber mais, acesse o <a style=\"color: #358572\" href=\"https:\/\/fiscalizacao.cremesp.org.br\/faq\/\" target=\"_blank\" rel=\"noreferrer noopener\">FAQ Publicidade M\u00e9dica<\/a> e siga a <a style=\"color: #358572\" href=\"https:\/\/www.instagram.com\/codamecremesp\/\" target=\"_blank\" rel=\"noreferrer noopener\">Codame do Cremesp<\/a> no Instagram.<\/p>\n\n\n\n<p><strong>Den\u00fancia<\/strong><\/p>\n\n\n\n<p><a href=\"https:\/\/fiscalizacao.cremesp.org.br\/index.php\/orientacao-denuncia-codame\/\" target=\"_blank\" style=\"font-size: large; color: #358572; text-decoration: none;\" rel=\"noopener\">Saiba como fazer uma den\u00fancia sobre publicidade m\u00e9dica no Cremesp.<\/a><\/p>\n\n\n\n<p>Para sugerir a verifica\u00e7\u00e3o de um conte\u00fado sobre Publicidade M\u00e9dica, preencha o formul\u00e1rio <a style=\"color: #358572\" href=\"https:\/\/fiscalizacao.cremesp.org.br\/index.php\/busca-ativa\/\">indica\u00e7\u00e3o de busca ativa<\/a>.<\/p>\n<\/div>\n","protected":false},"excerpt":{"rendered":"<p>Departamento de Fiscaliza\u00e7\u00e3o do Cremesp (DEF) Codame A Comiss\u00e3o de Divulga\u00e7\u00e3o de Assuntos M\u00e9dicos (Codame) est\u00e1 vinculada ao Departamento de Fiscaliza\u00e7\u00e3o do Cremesp e \u00e9 respons\u00e1vel por avaliar conte\u00fados de Publicidade M\u00e9dica (individual ou coletiva), publicados nos diversos meios de comunica\u00e7\u00e3o. De acordo com a Resolu\u00e7\u00e3o CFM 2336\/23, tamb\u00e9m \u00e9 atribui\u00e7\u00e3o da Codame promover conte\u00fado [&hellip;]<\/p>\n","protected":false},"author":3,"featured_media":0,"parent":0,"menu_order":0,"comment_status":"closed","ping_status":"closed","template":"","meta":{"_uag_custom_page_level_css":"","site-sidebar-layout":"default","site-content-layout":"","ast-site-content-layout":"","site-content-style":"default","site-sidebar-style":"default","ast-global-header-display":"","ast-banner-title-visibility":"","ast-main-header-display":"","ast-hfb-above-header-display":"","ast-hfb-below-header-display":"","ast-hfb-mobile-header-display":"","site-post-title":"disabled","ast-breadcrumbs-content":"","ast-featured-img":"","footer-sml-layout":"","theme-transparent-header-meta":"","adv-header-id-meta":"","stick-header-meta":"","header-above-stick-meta":"","header-main-stick-meta":"","header-below-stick-meta":"","astra-migrate-meta-layouts":"default","ast-page-background-enabled":"default","ast-page-background-meta":{"desktop":{"background-color":"var(--ast-global-color-4)","background-image":"","background-repeat":"repeat","background-position":"center center","background-size":"auto","background-attachment":"scroll","background-type":"","background-media":"","overlay-type":"","overlay-color":"","overlay-opacity":"","overlay-gradient":""},"tablet":{"background-color":"","background-image":"","background-repeat":"repeat","background-position":"center center","background-size":"auto","background-attachment":"scroll","background-type":"","background-media":"","overlay-type":"","overlay-color":"","overlay-opacity":"","overlay-gradient":""},"mobile":{"background-color":"","background-image":"","background-repeat":"repeat","background-position":"center center","background-size":"auto","background-attachment":"scroll","background-type":"","background-media":"","overlay-type":"","overlay-color":"","overlay-opacity":"","overlay-gradient":""}},"ast-content-background-meta":{"desktop":{"background-color":"var(--ast-global-color-5)","background-image":"","background-repeat":"repeat","background-position":"center center","background-size":"auto","background-attachment":"scroll","background-type":"","background-media":"","overlay-type":"","overlay-color":"","overlay-opacity":"","overlay-gradient":""},"tablet":{"background-color":"var(--ast-global-color-5)","background-image":"","background-repeat":"repeat","background-position":"center center","background-size":"auto","background-attachment":"scroll","background-type":"","background-media":"","overlay-type":"","overlay-color":"","overlay-opacity":"","overlay-gradient":""},"mobile":{"background-color":"var(--ast-global-color-5)","background-image":"","background-repeat":"repeat","background-position":"center center","background-size":"auto","background-attachment":"scroll","background-type":"","background-media":"","overlay-type":"","overlay-color":"","overlay-opacity":"","overlay-gradient":""}},"footnotes":""},"class_list":["post-65","page","type-page","status-publish","hentry"],"uagb_featured_image_src":{"full":false,"thumbnail":false,"medium":false,"medium_large":false,"large":false,"1536x1536":false,"2048x2048":false},"uagb_author_info":{"display_name":"Usuario Dev","author_link":"https:\/\/fiscalizacao.cremesp.org.br\/index.php\/author\/dev\/"},"uagb_comment_info":0,"uagb_excerpt":"Departamento de Fiscaliza\u00e7\u00e3o do Cremesp (DEF) Codame A Comiss\u00e3o de Divulga\u00e7\u00e3o de Assuntos M\u00e9dicos (Codame) est\u00e1 vinculada ao Departamento de Fiscaliza\u00e7\u00e3o do Cremesp e \u00e9 respons\u00e1vel por avaliar conte\u00fados de Publicidade M\u00e9dica (individual ou coletiva), publicados nos diversos meios de comunica\u00e7\u00e3o. De acordo com a Resolu\u00e7\u00e3o CFM 2336\/23, tamb\u00e9m \u00e9 atribui\u00e7\u00e3o da Codame promover conte\u00fado&hellip;","_links":{"self":[{"href":"https:\/\/fiscalizacao.cremesp.org.br\/index.php\/wp-json\/wp\/v2\/pages\/65","targetHints":{"allow":["GET"]}}],"collection":[{"href":"https:\/\/fiscalizacao.cremesp.org.br\/index.php\/wp-json\/wp\/v2\/pages"}],"about":[{"href":"https:\/\/fiscalizacao.cremesp.org.br\/index.php\/wp-json\/wp\/v2\/types\/page"}],"author":[{"embeddable":true,"href":"https:\/\/fiscalizacao.cremesp.org.br\/index.php\/wp-json\/wp\/v2\/users\/3"}],"replies":[{"embeddable":true,"href":"https:\/\/fiscalizacao.cremesp.org.br\/index.php\/wp-json\/wp\/v2\/comments?post=65"}],"version-history":[{"count":31,"href":"https:\/\/fiscalizacao.cremesp.org.br\/index.php\/wp-json\/wp\/v2\/pages\/65\/revisions"}],"predecessor-version":[{"id":913,"href":"https:\/\/fiscalizacao.cremesp.org.br\/index.php\/wp-json\/wp\/v2\/pages\/65\/revisions\/913"}],"wp:attachment":[{"href":"https:\/\/fiscalizacao.cremesp.org.br\/index.php\/wp-json\/wp\/v2\/media?parent=65"}],"curies":[{"name":"wp","href":"https:\/\/api.w.org\/{rel}","templated":true}]}}