{"id":63,"date":"2023-03-20T16:27:41","date_gmt":"2023-03-20T19:27:41","guid":{"rendered":"http:\/\/fiscalizacao.cremesp.org.br\/?page_id=63"},"modified":"2023-05-04T12:29:01","modified_gmt":"2023-05-04T15:29:01","slug":"inspecao","status":"publish","type":"page","link":"https:\/\/fiscalizacao.cremesp.org.br\/index.php\/inspecao\/","title":{"rendered":"Inspe\u00e7\u00e3o"},"content":{"rendered":"\n\n\n\n\n<div class=\"inherit-container-width wp-block-group has-background has-small-font-size is-layout-constrained wp-container-core-group-is-layout-7e00f54a wp-block-group-is-layout-constrained\" style=\"border-style:none;border-width:0px;background:linear-gradient(121deg,rgb(57,207,172) 0%,rgb(41,105,90) 100%);padding-top:var(--wp--preset--spacing--20);padding-right:var(--wp--preset--spacing--20);padding-bottom:var(--wp--preset--spacing--20);padding-left:var(--wp--preset--spacing--20);line-height:1\">\n<div class=\"inherit-container-width wp-block-group is-layout-constrained wp-container-core-group-is-layout-5dbc334f wp-block-group-is-layout-constrained\" style=\"margin-top:0;margin-bottom:0\">\n<div class=\"inherit-container-width wp-block-group is-layout-constrained wp-container-core-group-is-layout-18ea5ba8 wp-block-group-is-layout-constrained\" style=\"padding-top:0;padding-right:0;padding-bottom:0;padding-left:0;line-height:1\">\n<div class=\"inherit-container-width wp-block-group is-layout-constrained wp-block-group-is-layout-constrained\"><style>\r\n\r\n#wpsm_counter_b_row_686 .wpsm_counterbox\r\n{\r\n\ttext-align:center;\r\n\tmargin-top:50px;\r\n\tmargin-bottom:50px;\r\n}\r\n#wpsm_counter_b_row_686 .wpsm_counterbox .wpsm_count-icon{\r\n\tdisplay:block;\r\n\tmargin-top:20px;\r\n\tpadding-top:0px;\r\n\tpadding-bottom:0px;\r\n\tmargin-bottom:0px;\r\n\tmargin:0 auto;\r\n}\r\n#wpsm_counter_b_row_686 .wpsm_counterbox .wpsm_count-icon i{\r\n\tfont-size:70px;\r\n\tcolor:#ffffff;\r\n}\r\n#wpsm_counter_b_row_686 .wpsm_counterbox .wpsm_number{\r\n\tfont-size:70px;\r\n\tfont-weight:800;\r\n\tcolor:#ffffff;\r\n\tfont-family:'Arial';\r\n\tletter-spacing:2px;\r\n\tmargin-top:20px;\r\n\tline-height: 1.3em;\r\n\tpadding-top:0px;\r\n\tpadding-bottom:0px;\r\n\tmargin-bottom:0px;\r\n}\r\n#wpsm_counter_b_row_686 .wpsm_counterbox .wpsm_count-title{\r\n    font-size:40px;\r\n\tfont-weight:bolder;\r\n\tfont-family:'Arial';\r\n\tletter-spacing:2px;\r\n    color: #ffffff;\r\n\tfont-weight:800;\r\n\tmargin-top:20px;\r\n\tpadding-top:0px;\r\n\tpadding-bottom:0px;\r\n\tmargin-bottom:0px;\r\n\tline-height: 1.3em;\r\n}\r\n\r\n<\/style> \r\n\t\t \r\n\t\t\r\n\t\t<style>\r\n\t\t#wpsm_counter_b_row_686\t\t\t{\r\n\t\t\t\t\r\n\t\t\t\tposition:relative;\r\n\t\t\t\twidth:100%;\r\n\t\t\t\toverflow:hidden;\r\n\t\t\t\ttext-align:center;\r\n\t\t\t}\r\n\t\t\t \r\n\t\t\t#wpsm_counter_b_row_686 .wpsm_row{\r\n\t\t\toverflow:hidden;\r\n\t\t\tdisplay:block;\r\n\t\t\twidth:100%;\r\n\t\t\t} \r\n\t\t\t \r\n\t\t\t#wpsm_counter_b_row_686 .wpsm_row{\r\n\t\t\toverflow:visible;\r\n\t\t\t} \r\n\t\t\t \r\n\t\t\t#wpsm_counter_b_row_686 .wpsm_counterbox .wpsm_count-title{\r\n\t\t\tmin-height:56px;\r\n\t\t\t}}\r\n\t\t\t \r\n\t\t<\/style>\r\n\t\t\r\n\t\t<div class=\"wpsm_counter_b_row\" id=\"wpsm_counter_b_row_686\">\r\n\t\t\t<div>\r\n\t\t\t\t<div class=\"wpsm_row\">\r\n\t\t\r\n\t\t\t\t\t\t<div class=\"wpsm_col-md-12 wpsm_col-sm-6\">\r\n\t\t\t\t\t<div class=\"wpsm_counterbox\">\r\n\t\t\t\t\t\t\t\t\t\t\t\t<div class=\"wpsm_number\" style=\"#ffffff\" >\r\n\t\t\t\t\t\t   <span class=\"counter\">2087\t\t\t\t\t\t   <\/span>\r\n\t\t\t\t\t\t    \r\n\t\t\t\t\t    <\/div>\r\n\t\t\t\t\t\t<h3 class=\"wpsm_count-title\" #ffffff> Inspe\u00e7\u00f5es<\/h3>\r\n\t\t\t\t\t\t \r\n\t\t\t\t\t<\/div>\r\n\t\t\t\t<\/div>\r\n\t\t\t\t\t\t<\/div>\r\n\t\t\t<div class=\"wpsm_row\">\r\n\t\t\t\t\t\t\r\n\t\t\t<\/div>\t\t\t\t<\/div>\r\n\t\t<\/div>\r\n\t\t\r\n\t\n<\/div>\n<\/div>\n\n\n\n<div class=\"wp-block-uagb-advanced-heading uagb-block-3a4e36d5\"><div class=\"uagb-heading-text\">                               Inspe\u00e7\u00f5es realizadas at\u00e9 Abril de 2023<\/div><\/div>\n<\/div>\n<\/div>\n\n\n\n<div class=\"inherit-container-width wp-block-group is-layout-constrained wp-block-group-is-layout-constrained\">\n<div class=\"wp-block-uagb-advanced-heading uagb-block-21576024\"><h2 class=\"uagb-heading-text\">Inspe\u00e7\u00e3o<\/h2><div class=\"uagb-separator\"><\/div><\/div>\n\n\n\n<p class=\"has-text-align-left\">O setor Inspe\u00e7\u00e3o do DEF, (DEF-Inspe\u00e7\u00e3o), foi criado em mar\u00e7o de 2022 e \u00e9 respons\u00e1vel por analisar os relat\u00f3rios de vistoria e comunicar as principais irregularidades cuja corre\u00e7\u00e3o dependa da a\u00e7\u00e3o ou apoio de outras autoridades competentes. O DEF-Inspe\u00e7\u00e3o atua por meio da C\u00e2mara de Pareceres em Fiscaliza\u00e7\u00e3o, com delegados inspetores exclusivos.<\/p>\n\n\n<\/div>\n","protected":false},"excerpt":{"rendered":"<p>Departamento de Fiscaliza\u00e7\u00e3o do Cremesp (DEF) Inspe\u00e7\u00f5es realizadas at\u00e9 Abril de 2023 Inspe\u00e7\u00e3o O setor Inspe\u00e7\u00e3o do DEF, (DEF-Inspe\u00e7\u00e3o), foi criado em mar\u00e7o de 2022 e \u00e9 respons\u00e1vel por analisar os relat\u00f3rios de vistoria e comunicar as principais irregularidades cuja corre\u00e7\u00e3o dependa da a\u00e7\u00e3o ou apoio de outras autoridades competentes. O DEF-Inspe\u00e7\u00e3o atua por meio [&hellip;]<\/p>\n","protected":false},"author":3,"featured_media":0,"parent":0,"menu_order":0,"comment_status":"closed","ping_status":"closed","template":"","meta":{"_uag_custom_page_level_css":"","site-sidebar-layout":"default","site-content-layout":"","ast-site-content-layout":"","site-content-style":"default","site-sidebar-style":"default","ast-global-header-display":"","ast-banner-title-visibility":"","ast-main-header-display":"","ast-hfb-above-header-display":"","ast-hfb-below-header-display":"","ast-hfb-mobile-header-display":"","site-post-title":"disabled","ast-breadcrumbs-content":"","ast-featured-img":"","footer-sml-layout":"","theme-transparent-header-meta":"","adv-header-id-meta":"","stick-header-meta":"","header-above-stick-meta":"","header-main-stick-meta":"","header-below-stick-meta":"","astra-migrate-meta-layouts":"default","ast-page-background-enabled":"default","ast-page-background-meta":{"desktop":{"background-color":"var(--ast-global-color-4)","background-image":"","background-repeat":"repeat","background-position":"center center","background-size":"auto","background-attachment":"scroll","background-type":"","background-media":"","overlay-type":"","overlay-color":"","overlay-opacity":"","overlay-gradient":""},"tablet":{"background-color":"","background-image":"","background-repeat":"repeat","background-position":"center center","background-size":"auto","background-attachment":"scroll","background-type":"","background-media":"","overlay-type":"","overlay-color":"","overlay-opacity":"","overlay-gradient":""},"mobile":{"background-color":"","background-image":"","background-repeat":"repeat","background-position":"center center","background-size":"auto","background-attachment":"scroll","background-type":"","background-media":"","overlay-type":"","overlay-color":"","overlay-opacity":"","overlay-gradient":""}},"ast-content-background-meta":{"desktop":{"background-color":"var(--ast-global-color-5)","background-image":"","background-repeat":"repeat","background-position":"center center","background-size":"auto","background-attachment":"scroll","background-type":"","background-media":"","overlay-type":"","overlay-color":"","overlay-opacity":"","overlay-gradient":""},"tablet":{"background-color":"var(--ast-global-color-5)","background-image":"","background-repeat":"repeat","background-position":"center center","background-size":"auto","background-attachment":"scroll","background-type":"","background-media":"","overlay-type":"","overlay-color":"","overlay-opacity":"","overlay-gradient":""},"mobile":{"background-color":"var(--ast-global-color-5)","background-image":"","background-repeat":"repeat","background-position":"center center","background-size":"auto","background-attachment":"scroll","background-type":"","background-media":"","overlay-type":"","overlay-color":"","overlay-opacity":"","overlay-gradient":""}},"footnotes":""},"class_list":["post-63","page","type-page","status-publish","hentry"],"uagb_featured_image_src":{"full":false,"thumbnail":false,"medium":false,"medium_large":false,"large":false,"1536x1536":false,"2048x2048":false},"uagb_author_info":{"display_name":"Usuario Dev","author_link":"https:\/\/fiscalizacao.cremesp.org.br\/index.php\/author\/dev\/"},"uagb_comment_info":0,"uagb_excerpt":"Departamento de Fiscaliza\u00e7\u00e3o do Cremesp (DEF) Inspe\u00e7\u00f5es realizadas at\u00e9 Abril de 2023 Inspe\u00e7\u00e3o O setor Inspe\u00e7\u00e3o do DEF, (DEF-Inspe\u00e7\u00e3o), foi criado em mar\u00e7o de 2022 e \u00e9 respons\u00e1vel por analisar os relat\u00f3rios de vistoria e comunicar as principais irregularidades cuja corre\u00e7\u00e3o dependa da a\u00e7\u00e3o ou apoio de outras autoridades competentes. O DEF-Inspe\u00e7\u00e3o atua por meio&hellip;","_links":{"self":[{"href":"https:\/\/fiscalizacao.cremesp.org.br\/index.php\/wp-json\/wp\/v2\/pages\/63","targetHints":{"allow":["GET"]}}],"collection":[{"href":"https:\/\/fiscalizacao.cremesp.org.br\/index.php\/wp-json\/wp\/v2\/pages"}],"about":[{"href":"https:\/\/fiscalizacao.cremesp.org.br\/index.php\/wp-json\/wp\/v2\/types\/page"}],"author":[{"embeddable":true,"href":"https:\/\/fiscalizacao.cremesp.org.br\/index.php\/wp-json\/wp\/v2\/users\/3"}],"replies":[{"embeddable":true,"href":"https:\/\/fiscalizacao.cremesp.org.br\/index.php\/wp-json\/wp\/v2\/comments?post=63"}],"version-history":[{"count":28,"href":"https:\/\/fiscalizacao.cremesp.org.br\/index.php\/wp-json\/wp\/v2\/pages\/63\/revisions"}],"predecessor-version":[{"id":841,"href":"https:\/\/fiscalizacao.cremesp.org.br\/index.php\/wp-json\/wp\/v2\/pages\/63\/revisions\/841"}],"wp:attachment":[{"href":"https:\/\/fiscalizacao.cremesp.org.br\/index.php\/wp-json\/wp\/v2\/media?parent=63"}],"curies":[{"name":"wp","href":"https:\/\/api.w.org\/{rel}","templated":true}]}}