{"id":61,"date":"2023-03-20T16:27:30","date_gmt":"2023-03-20T19:27:30","guid":{"rendered":"http:\/\/fiscalizacao.cremesp.org.br\/?page_id=61"},"modified":"2023-05-03T12:40:51","modified_gmt":"2023-05-03T15:40:51","slug":"fiscalizacao","status":"publish","type":"page","link":"https:\/\/fiscalizacao.cremesp.org.br\/index.php\/fiscalizacao\/","title":{"rendered":"Fiscaliza\u00e7\u00e3o"},"content":{"rendered":"\n<div class=\"wp-block-uagb-container animate__fadeIn uag-hide-tab uag-hide-mob uagb-block-9c44de1e default uagb-is-root-container\">\n<div class=\"wp-block-uagb-advanced-heading uagb-block-870d47aa\"><h1 class=\"uagb-heading-text\"> Departamento de <br>Fiscaliza\u00e7\u00e3o do Cremesp (DEF)<\/h1><\/div>\n<\/div>\n\n\n\n<figure class=\"wp-block-image alignwide size-large uag-hide-desktop\"><img loading=\"lazy\" decoding=\"async\" width=\"1024\" height=\"387\" src=\"https:\/\/fiscalizacao.cremesp.org.br\/wp-content\/uploads\/2023\/03\/Teste-1024x387.jpg\" alt=\"\" class=\"wp-image-533\" srcset=\"https:\/\/fiscalizacao.cremesp.org.br\/wp-content\/uploads\/2023\/03\/Teste-1024x387.jpg 1024w, https:\/\/fiscalizacao.cremesp.org.br\/wp-content\/uploads\/2023\/03\/Teste-300x113.jpg 300w, https:\/\/fiscalizacao.cremesp.org.br\/wp-content\/uploads\/2023\/03\/Teste-768x290.jpg 768w, https:\/\/fiscalizacao.cremesp.org.br\/wp-content\/uploads\/2023\/03\/Teste.jpg 1280w\" sizes=\"auto, (max-width: 1024px) 100vw, 1024px\" \/><\/figure>\n\n\n\n<div class=\"inherit-container-width wp-block-group is-layout-constrained wp-block-group-is-layout-constrained\">\n<div class=\"wp-block-uagb-advanced-heading uagb-block-29cceb2f\"><h2 class=\"uagb-heading-text\">Fiscaliza\u00e7\u00f5es conclu\u00eddas<\/h2><div class=\"uagb-separator\"><\/div><\/div>\n\n\n\n<div class=\"inherit-container-width wp-block-group is-layout-constrained wp-block-group-is-layout-constrained\"><\/div>\n\n\n\n<div class=\"wp-block-uagb-tabs uagb-block-53e37115 uagb-tabs__wrap uagb-tabs__hstyle1-desktop uagb-tabs__vstyle6-tablet uagb-tabs__stack1-mobile\" data-tab-active=\"0\"><ul class=\"uagb-tabs__panel uagb-tabs__align-left\" role=\"tablist\"><li class=\"uagb-tab uagb-tabs__active\" role=\"none\"><a href=\"#uagb-tabs__tab0\" class=\"uagb-tabs-list uagb-tabs__icon-position-left\" data-tab=\"0\" role=\"tab\"><strong>Por munic\u00edpio<\/strong><\/a><\/li><li class=\"uagb-tab \" role=\"none\"><a href=\"#uagb-tabs__tab1\" class=\"uagb-tabs-list uagb-tabs__icon-position-left\" data-tab=\"1\" role=\"tab\"><strong>Por regi\u00e3o<\/strong><\/a><\/li><li class=\"uagb-tab \" role=\"none\"><a href=\"#uagb-tabs__tab2\" class=\"uagb-tabs-list uagb-tabs__icon-position-left\" data-tab=\"2\" role=\"tab\"><strong>Unidades vistoriadas<\/strong><\/a><\/li><\/ul><div class=\"uagb-tabs__body-wrap\">\n<div class=\"wp-block-uagb-tabs-child uagb-tabs__body-container uagb-inner-tab-0\" aria-labelledby=\"uagb-tabs__tab0\">\n<center><iframe loading=\"lazy\" width=\"1000\" height=\"1000\" src=\"https:\/\/lookerstudio.google.com\/embed\/reporting\/e32b1a9b-7044-476c-8b9c-dc173078b55f\/page\/KUhJD\" frameborder=\"0\" style=\"border:0\" allowfullscreen=\"\"><\/iframe><\/center>\n<\/div>\n\n\n\n<div class=\"wp-block-uagb-tabs-child uagb-tabs__body-container uagb-inner-tab-1\" aria-labelledby=\"uagb-tabs__tab1\">\n<center><iframe loading=\"lazy\" width=\"1000\" height=\"1000\" src=\"https:\/\/lookerstudio.google.com\/embed\/reporting\/ce6b1afb-d7c8-4265-8a8b-6553aa7bf064\/page\/KUhJD\" frameborder=\"0\" style=\"border:0\" allowfullscreen=\"\"><\/iframe><\/center>\n\n\n\n<div><p> Para mais informa\u00e7\u00f5es acesse: \n<strong><a href=\"http:\/\/www.cremesp.org.br\/?siteAcao=DelegaciasRegionais\" target=\"_blank\" rel=\"noreferrer noopener\" style=\"font-size: large; color: #358572\">Delegacias Regionais do Cremesp<\/a><\/strong><\/div>\n<\/div>\n\n\n\n<div class=\"wp-block-uagb-tabs-child uagb-tabs__body-container uagb-inner-tab-2\" aria-labelledby=\"uagb-tabs__tab2\">\n<p><\/p>\n<p><\/p><center><iframe loading=\"lazy\" style=\"border: 0;\" src=\"https:\/\/lookerstudio.google.com\/embed\/reporting\/59818586-9576-4dfc-8f6a-924036be48b7\/page\/KUhJD\" width=\"1000\" height=\"1350\" frameborder=\"0\" allowfullscreen=\"allowfullscreen\"><\/iframe><\/center><p><\/p>\n<\/div>\n<\/div><\/div>\n<\/div>\n\n\n\n<p>   <\/p>\n","protected":false},"excerpt":{"rendered":"<p>Departamento de Fiscaliza\u00e7\u00e3o do Cremesp (DEF) Fiscaliza\u00e7\u00f5es conclu\u00eddas<\/p>\n","protected":false},"author":3,"featured_media":0,"parent":0,"menu_order":0,"comment_status":"closed","ping_status":"closed","template":"","meta":{"_uag_custom_page_level_css":"","site-sidebar-layout":"default","site-content-layout":"default","ast-site-content-layout":"","site-content-style":"default","site-sidebar-style":"default","ast-global-header-display":"","ast-banner-title-visibility":"","ast-main-header-display":"","ast-hfb-above-header-display":"","ast-hfb-below-header-display":"","ast-hfb-mobile-header-display":"","site-post-title":"disabled","ast-breadcrumbs-content":"","ast-featured-img":"","footer-sml-layout":"","theme-transparent-header-meta":"default","adv-header-id-meta":"","stick-header-meta":"","header-above-stick-meta":"","header-main-stick-meta":"","header-below-stick-meta":"","astra-migrate-meta-layouts":"default","ast-page-background-enabled":"default","ast-page-background-meta":{"desktop":{"background-color":"var(--ast-global-color-4)","background-image":"","background-repeat":"repeat","background-position":"center center","background-size":"auto","background-attachment":"scroll","background-type":"","background-media":"","overlay-type":"","overlay-color":"","overlay-opacity":"","overlay-gradient":""},"tablet":{"background-color":"","background-image":"","background-repeat":"repeat","background-position":"center center","background-size":"auto","background-attachment":"scroll","background-type":"","background-media":"","overlay-type":"","overlay-color":"","overlay-opacity":"","overlay-gradient":""},"mobile":{"background-color":"","background-image":"","background-repeat":"repeat","background-position":"center center","background-size":"auto","background-attachment":"scroll","background-type":"","background-media":"","overlay-type":"","overlay-color":"","overlay-opacity":"","overlay-gradient":""}},"ast-content-background-meta":{"desktop":{"background-color":"var(--ast-global-color-5)","background-image":"","background-repeat":"repeat","background-position":"center center","background-size":"auto","background-attachment":"scroll","background-type":"","background-media":"","overlay-type":"","overlay-color":"","overlay-opacity":"","overlay-gradient":""},"tablet":{"background-color":"var(--ast-global-color-5)","background-image":"","background-repeat":"repeat","background-position":"center center","background-size":"auto","background-attachment":"scroll","background-type":"","background-media":"","overlay-type":"","overlay-color":"","overlay-opacity":"","overlay-gradient":""},"mobile":{"background-color":"var(--ast-global-color-5)","background-image":"","background-repeat":"repeat","background-position":"center center","background-size":"auto","background-attachment":"scroll","background-type":"","background-media":"","overlay-type":"","overlay-color":"","overlay-opacity":"","overlay-gradient":""}},"footnotes":""},"class_list":["post-61","page","type-page","status-publish","hentry"],"uagb_featured_image_src":{"full":false,"thumbnail":false,"medium":false,"medium_large":false,"large":false,"1536x1536":false,"2048x2048":false},"uagb_author_info":{"display_name":"Usuario Dev","author_link":"https:\/\/fiscalizacao.cremesp.org.br\/index.php\/author\/dev\/"},"uagb_comment_info":0,"uagb_excerpt":"Departamento de Fiscaliza\u00e7\u00e3o do Cremesp (DEF) Fiscaliza\u00e7\u00f5es conclu\u00eddas","_links":{"self":[{"href":"https:\/\/fiscalizacao.cremesp.org.br\/index.php\/wp-json\/wp\/v2\/pages\/61","targetHints":{"allow":["GET"]}}],"collection":[{"href":"https:\/\/fiscalizacao.cremesp.org.br\/index.php\/wp-json\/wp\/v2\/pages"}],"about":[{"href":"https:\/\/fiscalizacao.cremesp.org.br\/index.php\/wp-json\/wp\/v2\/types\/page"}],"author":[{"embeddable":true,"href":"https:\/\/fiscalizacao.cremesp.org.br\/index.php\/wp-json\/wp\/v2\/users\/3"}],"replies":[{"embeddable":true,"href":"https:\/\/fiscalizacao.cremesp.org.br\/index.php\/wp-json\/wp\/v2\/comments?post=61"}],"version-history":[{"count":95,"href":"https:\/\/fiscalizacao.cremesp.org.br\/index.php\/wp-json\/wp\/v2\/pages\/61\/revisions"}],"predecessor-version":[{"id":842,"href":"https:\/\/fiscalizacao.cremesp.org.br\/index.php\/wp-json\/wp\/v2\/pages\/61\/revisions\/842"}],"wp:attachment":[{"href":"https:\/\/fiscalizacao.cremesp.org.br\/index.php\/wp-json\/wp\/v2\/media?parent=61"}],"curies":[{"name":"wp","href":"https:\/\/api.w.org\/{rel}","templated":true}]}}