{"id":59,"date":"2023-03-20T16:27:09","date_gmt":"2023-03-20T19:27:09","guid":{"rendered":"http:\/\/fiscalizacao.cremesp.org.br\/?page_id=59"},"modified":"2023-05-03T12:41:11","modified_gmt":"2023-05-03T15:41:11","slug":"sobre-o-def","status":"publish","type":"page","link":"https:\/\/fiscalizacao.cremesp.org.br\/index.php\/sobre-o-def\/","title":{"rendered":"Sobre o DEF"},"content":{"rendered":"\n<div class=\"wp-block-uagb-container animate__fadeIn uag-hide-tab uag-hide-mob uagb-block-8ffa944b default uagb-is-root-container\">\n<div class=\"wp-block-uagb-advanced-heading uagb-block-6ed100a3\"><h1 class=\"uagb-heading-text\"> Departamento de <br>Fiscaliza\u00e7\u00e3o do Cremesp (DEF)<\/h1><\/div>\n<\/div>\n\n\n\n<figure class=\"wp-block-image alignwide size-large uag-hide-desktop\"><img loading=\"lazy\" decoding=\"async\" width=\"1024\" height=\"387\" src=\"https:\/\/fiscalizacao.cremesp.org.br\/wp-content\/uploads\/2023\/03\/Teste-1024x387.jpg\" alt=\"\" class=\"wp-image-533\" srcset=\"https:\/\/fiscalizacao.cremesp.org.br\/wp-content\/uploads\/2023\/03\/Teste-1024x387.jpg 1024w, https:\/\/fiscalizacao.cremesp.org.br\/wp-content\/uploads\/2023\/03\/Teste-300x113.jpg 300w, https:\/\/fiscalizacao.cremesp.org.br\/wp-content\/uploads\/2023\/03\/Teste-768x290.jpg 768w, https:\/\/fiscalizacao.cremesp.org.br\/wp-content\/uploads\/2023\/03\/Teste.jpg 1280w\" sizes=\"auto, (max-width: 1024px) 100vw, 1024px\" \/><\/figure>\n\n\n\n<div class=\"inherit-container-width wp-block-group is-layout-constrained wp-block-group-is-layout-constrained\">\n<div class=\"wp-block-uagb-advanced-heading uagb-block-10b95de5\"><h2 class=\"uagb-heading-text\">Fiscaliza\u00e7\u00e3o<\/h2><div class=\"uagb-separator\"><\/div><\/div>\n\n\n\n<p>O Departamento de Fiscaliza\u00e7\u00e3o do Cremesp (DEF) atua com foco no cumprimento das normas e legisla\u00e7\u00e3o vigentes, relacionadas ao exerc\u00edcio \u00e9tico e legal da Medicina.<\/p>\n\n\n\n<p>Al\u00e9m dos equipamentos de sa\u00fade de todo o Estado de S\u00e3o Paulo, tamb\u00e9m podem ser vistoriados pelo Cremesp cl\u00ednicas e consult\u00f3rios, entre outros prestadores de servi\u00e7os com atendimento m\u00e9dico, p\u00fablicos e privados.<\/p>\n\n\n\n<p>Para garantir seguran\u00e7a ao paciente e condi\u00e7\u00f5es adequadas de trabalho aos m\u00e9dicos, o DEF atua em tr\u00eas frentes:<\/p>\n\n\n\n<ul class=\"wp-block-list\">\n<li><strong>Fiscaliza\u00e7\u00e3o:<\/strong> dilig\u00eancias f\u00edsicas demandadas proativamente, judicialmente ou por den\u00fancias;<\/li>\n\n\n\n<li><strong>Busca web:<\/strong> dilig\u00eancias virtuais, efetuadas por meio da Comiss\u00e3o de Divulga\u00e7\u00e3o de Assuntos M\u00e9dicos (Codame), com foco em Publicidade M\u00e9dica;<\/li>\n\n\n\n<li><strong>Inspe\u00e7\u00e3o:<\/strong> produ\u00e7\u00e3o de pareceres t\u00e9cnicos a serem comunicados a outras autoridades competentes relacionadas \u00e0s irregularidades encontradas numa vistoria e a necessidade de a\u00e7\u00f5es para corre\u00e7\u00e3o.<\/li>\n<\/ul>\n\n\n\n<p>Al\u00e9m dos profissionais que comp\u00f5em a equipe do DEF, a participa\u00e7\u00e3o da sociedade e outros atores com responsabilidades sociais, por meio de den\u00fancia, \u00e9 fundamental para que o Cremesp possa atuar com abrang\u00eancia cada vez maior.<\/p>\n<\/div>\n","protected":false},"excerpt":{"rendered":"<p>Departamento de Fiscaliza\u00e7\u00e3o do Cremesp (DEF) Fiscaliza\u00e7\u00e3o O Departamento de Fiscaliza\u00e7\u00e3o do Cremesp (DEF) atua com foco no cumprimento das normas e legisla\u00e7\u00e3o vigentes, relacionadas ao exerc\u00edcio \u00e9tico e legal da Medicina. Al\u00e9m dos equipamentos de sa\u00fade de todo o Estado de S\u00e3o Paulo, tamb\u00e9m podem ser vistoriados pelo Cremesp cl\u00ednicas e consult\u00f3rios, entre outros [&hellip;]<\/p>\n","protected":false},"author":3,"featured_media":0,"parent":0,"menu_order":0,"comment_status":"closed","ping_status":"closed","template":"","meta":{"_uag_custom_page_level_css":"","site-sidebar-layout":"default","site-content-layout":"","ast-site-content-layout":"","site-content-style":"default","site-sidebar-style":"default","ast-global-header-display":"","ast-banner-title-visibility":"","ast-main-header-display":"","ast-hfb-above-header-display":"","ast-hfb-below-header-display":"","ast-hfb-mobile-header-display":"","site-post-title":"disabled","ast-breadcrumbs-content":"","ast-featured-img":"","footer-sml-layout":"","theme-transparent-header-meta":"","adv-header-id-meta":"","stick-header-meta":"","header-above-stick-meta":"","header-main-stick-meta":"","header-below-stick-meta":"","astra-migrate-meta-layouts":"default","ast-page-background-enabled":"default","ast-page-background-meta":{"desktop":{"background-color":"var(--ast-global-color-4)","background-image":"","background-repeat":"repeat","background-position":"center center","background-size":"auto","background-attachment":"scroll","background-type":"","background-media":"","overlay-type":"","overlay-color":"","overlay-opacity":"","overlay-gradient":""},"tablet":{"background-color":"","background-image":"","background-repeat":"repeat","background-position":"center center","background-size":"auto","background-attachment":"scroll","background-type":"","background-media":"","overlay-type":"","overlay-color":"","overlay-opacity":"","overlay-gradient":""},"mobile":{"background-color":"","background-image":"","background-repeat":"repeat","background-position":"center center","background-size":"auto","background-attachment":"scroll","background-type":"","background-media":"","overlay-type":"","overlay-color":"","overlay-opacity":"","overlay-gradient":""}},"ast-content-background-meta":{"desktop":{"background-color":"var(--ast-global-color-5)","background-image":"","background-repeat":"repeat","background-position":"center center","background-size":"auto","background-attachment":"scroll","background-type":"","background-media":"","overlay-type":"","overlay-color":"","overlay-opacity":"","overlay-gradient":""},"tablet":{"background-color":"var(--ast-global-color-5)","background-image":"","background-repeat":"repeat","background-position":"center center","background-size":"auto","background-attachment":"scroll","background-type":"","background-media":"","overlay-type":"","overlay-color":"","overlay-opacity":"","overlay-gradient":""},"mobile":{"background-color":"var(--ast-global-color-5)","background-image":"","background-repeat":"repeat","background-position":"center center","background-size":"auto","background-attachment":"scroll","background-type":"","background-media":"","overlay-type":"","overlay-color":"","overlay-opacity":"","overlay-gradient":""}},"footnotes":""},"class_list":["post-59","page","type-page","status-publish","hentry"],"uagb_featured_image_src":{"full":false,"thumbnail":false,"medium":false,"medium_large":false,"large":false,"1536x1536":false,"2048x2048":false},"uagb_author_info":{"display_name":"Usuario Dev","author_link":"https:\/\/fiscalizacao.cremesp.org.br\/index.php\/author\/dev\/"},"uagb_comment_info":0,"uagb_excerpt":"Departamento de Fiscaliza\u00e7\u00e3o do Cremesp (DEF) Fiscaliza\u00e7\u00e3o O Departamento de Fiscaliza\u00e7\u00e3o do Cremesp (DEF) atua com foco no cumprimento das normas e legisla\u00e7\u00e3o vigentes, relacionadas ao exerc\u00edcio \u00e9tico e legal da Medicina. Al\u00e9m dos equipamentos de sa\u00fade de todo o Estado de S\u00e3o Paulo, tamb\u00e9m podem ser vistoriados pelo Cremesp cl\u00ednicas e consult\u00f3rios, entre outros&hellip;","_links":{"self":[{"href":"https:\/\/fiscalizacao.cremesp.org.br\/index.php\/wp-json\/wp\/v2\/pages\/59","targetHints":{"allow":["GET"]}}],"collection":[{"href":"https:\/\/fiscalizacao.cremesp.org.br\/index.php\/wp-json\/wp\/v2\/pages"}],"about":[{"href":"https:\/\/fiscalizacao.cremesp.org.br\/index.php\/wp-json\/wp\/v2\/types\/page"}],"author":[{"embeddable":true,"href":"https:\/\/fiscalizacao.cremesp.org.br\/index.php\/wp-json\/wp\/v2\/users\/3"}],"replies":[{"embeddable":true,"href":"https:\/\/fiscalizacao.cremesp.org.br\/index.php\/wp-json\/wp\/v2\/comments?post=59"}],"version-history":[{"count":20,"href":"https:\/\/fiscalizacao.cremesp.org.br\/index.php\/wp-json\/wp\/v2\/pages\/59\/revisions"}],"predecessor-version":[{"id":840,"href":"https:\/\/fiscalizacao.cremesp.org.br\/index.php\/wp-json\/wp\/v2\/pages\/59\/revisions\/840"}],"wp:attachment":[{"href":"https:\/\/fiscalizacao.cremesp.org.br\/index.php\/wp-json\/wp\/v2\/media?parent=59"}],"curies":[{"name":"wp","href":"https:\/\/api.w.org\/{rel}","templated":true}]}}